{"id":2119,"date":"2015-12-16T16:20:58","date_gmt":"2015-12-16T15:20:58","guid":{"rendered":"https:\/\/slalom.ch\/2018-04-xse\/?page_id=2119&#038;lang=fr"},"modified":"2018-07-08T00:07:30","modified_gmt":"2018-07-07T22:07:30","slug":"mission-et-vision","status":"publish","type":"page","link":"https:\/\/slalom.ch\/fr\/mission-et-vision\/","title":{"rendered":"Mission et vision"},"content":{"rendered":"<div id='av_section_1'  class='avia-section av-av_section-49e79a2cdfe557b74bb41c93e993304f main_color avia-section-default avia-no-shadow  avia-builder-el-0  el_before_av_section  avia-builder-el-first  avia-bg-style-scroll av-minimum-height av-minimum-height-custom av-height-custom  av-section-with-video-bg av-section-mobile-video-disabled container_wrap fullsize'   data-av_minimum_height_px='550' data-section-video-ratio='16:9'><div  class='avia-slideshow av_slideshow_obj-1-69e4fa58d171e avia-slideshow-featured av_slideshow avia-slide-slider av-slideshow-ui av-control-default av-slideshow-manual av-loop-once av-loop-manual-endless av-default-height-applied  av-section-video-bg avia-slideshow-1' data-slideshow-options=\"{&quot;animation&quot;:&quot;slide&quot;,&quot;autoplay&quot;:false,&quot;loop_autoplay&quot;:&quot;once&quot;,&quot;interval&quot;:5,&quot;loop_manual&quot;:&quot;manual-endless&quot;,&quot;autoplay_stopper&quot;:false,&quot;noNavigation&quot;:false,&quot;bg_slider&quot;:false,&quot;keep_padding&quot;:false,&quot;hoverpause&quot;:false,&quot;show_slide_delay&quot;:0}\"  itemprop=\"image\" itemscope=\"itemscope\" itemtype=\"https:\/\/schema.org\/ImageObject\" ><ul class='avia-slideshow-inner ' style='padding-bottom: 28.666666666667%;'><li  data-controls='disabled' data-mute='aviaTBaviaTBvideo_mute' data-loop='1' data-disable-autoplay=''  data-video-ratio='1.7777777777778' class='avia-slideshow-slide av_slideshow_obj-1-69e4fa58d171e__0  av-video-slide  av-video-service-html5  av-hide-video-controls av-mute-video av-loop-video  av-single-slide slide-1 slide-odd'><div data-rel='slideshow-1' class='avia-slide-wrap '    itemprop=\"video\" itemtype=\"https:\/\/schema.org\/VideoObject\" ><div class='av-click-overlay'><\/div><video class='avia_video'  autoplay playsinline loop preload=\"metadata\" muted  id='player_2119_1360264302_1177699049'><source src=\"https:\/\/slalom.ch\/wp-content\/uploads\/slalom-night1.mp4\" type=\"video\/mp4\" \/><\/video><div class=\"av-click-to-play-overlay\"><div class=\"avia_playpause_icon\"><\/div><\/div><\/div><\/li><\/ul><\/div><div class='container av-section-cont-open' style='height:550px'><main  role=\"main\" itemprop=\"mainContentOfPage\"  class='template-page content  av-content-full alpha units'><div class='post-entry post-entry-type-page post-entry-2119'><div class='entry-content-wrapper clearfix'>\n<\/div><\/div><\/main><!-- close content main element --><\/div><\/div><div id='av_section_2'  class='avia-section av-av_section-d18d8c2c81d10022ebd21ffa95322c35 main_color avia-section-default avia-no-shadow  avia-builder-el-1  el_after_av_section  el_before_av_postcontent  avia-bg-style-scroll container_wrap fullsize'  ><div class='container av-section-cont-open' ><div class='template-page content  av-content-full alpha units'><div class='post-entry post-entry-type-page post-entry-2119'><div class='entry-content-wrapper clearfix'>\n\n<style type=\"text\/css\" data-created_by=\"avia_inline_auto\" id=\"style-css-av-av_heading-10a8db4e3601a39c2ed45f7824077e49\">\n#top .av-special-heading.av-av_heading-10a8db4e3601a39c2ed45f7824077e49{\npadding-bottom:10px;\n}\nbody .av-special-heading.av-av_heading-10a8db4e3601a39c2ed45f7824077e49 .av-special-heading-tag .heading-char{\nfont-size:25px;\n}\n.av-special-heading.av-av_heading-10a8db4e3601a39c2ed45f7824077e49 .av-subheading{\nfont-size:15px;\n}\n<\/style>\n<div  class='av-special-heading av-av_heading-10a8db4e3601a39c2ed45f7824077e49 av-special-heading-h1 blockquote modern-quote modern-centered  avia-builder-el-2  el_before_av_heading  avia-builder-el-first '><h1 class='av-special-heading-tag'  itemprop=\"headline\"  >Hotel Slalom \u2013 Carpe Diem<\/h1><div class=\"special-heading-border\"><div class=\"special-heading-inner-border\"><\/div><\/div><\/div>\n\n<style type=\"text\/css\" data-created_by=\"avia_inline_auto\" id=\"style-css-av-av_heading-5fe9a13811f014ae567806d1dcec0ebf\">\n#top .av-special-heading.av-av_heading-5fe9a13811f014ae567806d1dcec0ebf{\npadding-bottom:30px;\n}\nbody .av-special-heading.av-av_heading-5fe9a13811f014ae567806d1dcec0ebf .av-special-heading-tag .heading-char{\nfont-size:25px;\n}\n.av-special-heading.av-av_heading-5fe9a13811f014ae567806d1dcec0ebf .av-subheading{\nfont-size:15px;\n}\n<\/style>\n<div  class='av-special-heading av-av_heading-5fe9a13811f014ae567806d1dcec0ebf av-special-heading-h2 blockquote modern-quote modern-centered  avia-builder-el-3  el_after_av_heading  el_before_av_textblock '><h2 class='av-special-heading-tag'  itemprop=\"headline\"  >Un jour sans sourire est un jour perdu<\/h2><div class=\"special-heading-border\"><div class=\"special-heading-inner-border\"><\/div><\/div><\/div>\n<section  class='av_textblock_section av-av_textblock-35972167d9f102c5ddaec0c531c98b9e '   itemscope=\"itemscope\" itemtype=\"https:\/\/schema.org\/CreativeWork\" ><div class='avia_textblock'  itemprop=\"text\" ><p style=\"text-align: center;\">Notre leitmotiv est carpe diem \u2013 profite de l\u2019instant.<br \/>\nChaque jour est une nouvelle chance<\/p>\n<p style=\"text-align: center;\">Nous cr\u00e9ons un lieu o\u00f9 nos h\u00f4tes,<br \/>\nl\u2019\u00e9quipe et notre famille se sentent<br \/>\nbien et peuvent\u2026<\/p>\n<p style=\"text-align: center;\">Nous voulons non seulement remplir,<br \/>\nmais surtout d\u00e9passer les attentes de nos h\u00f4tes.<\/p>\n<p style=\"text-align: center;\">Nous enthousiasmons nos h\u00f4tes,<br \/>\nde sorte qu\u2019ils reviennent chez nous.<\/p>\n<p style=\"text-align: center;\">Nous traitons nos h\u00f4tes et nos collaborateurs,<br \/>\ncomme nous aimerions \u00eatre trait\u00e9s.<\/p>\n<p style=\"text-align: center;\">Votre avis est important.<\/p>\n<p style=\"text-align: center;\">Cordialit\u00e9, plaisir au travail et aux relations<br \/>\navec les autres sont des valeurs cardinales<br \/>\npour nous.<\/p>\n<\/div><\/section>\n\n<style type=\"text\/css\" data-created_by=\"avia_inline_auto\" id=\"style-css-av-av_heading-587ec426a856decf44dba7858ecc2c0d\">\n#top .av-special-heading.av-av_heading-587ec426a856decf44dba7858ecc2c0d{\npadding-bottom:10px;\n}\nbody .av-special-heading.av-av_heading-587ec426a856decf44dba7858ecc2c0d .av-special-heading-tag .heading-char{\nfont-size:25px;\n}\n.av-special-heading.av-av_heading-587ec426a856decf44dba7858ecc2c0d .av-subheading{\nfont-size:15px;\n}\n<\/style>\n<div  class='av-special-heading av-av_heading-587ec426a856decf44dba7858ecc2c0d av-special-heading-h2 blockquote modern-quote modern-centered  avia-builder-el-5  el_after_av_textblock  el_before_av_textblock '><h2 class='av-special-heading-tag'  itemprop=\"headline\"  >Nous nous permettons de vous g\u00e2ter !<\/h2><div class=\"special-heading-border\"><div class=\"special-heading-inner-border\"><\/div><\/div><\/div>\n<section  class='av_textblock_section av-av_textblock-35972167d9f102c5ddaec0c531c98b9e '   itemscope=\"itemscope\" itemtype=\"https:\/\/schema.org\/CreativeWork\" ><div class='avia_textblock'  itemprop=\"text\" ><p style=\"text-align: center;\">Hotel Slalom \u2013 Octobre 2010<\/p>\n<\/div><\/section>\n\n\n","protected":false},"excerpt":{"rendered":"","protected":false},"author":11,"featured_media":0,"parent":0,"menu_order":76,"comment_status":"closed","ping_status":"closed","template":"","meta":{"footnotes":""},"yoast_head":"<!-- This site is optimized with the Yoast SEO plugin v21.7 - https:\/\/yoast.com\/wordpress\/plugins\/seo\/ -->\n<title>Mission et vision - Hotel Slalom<\/title>\n<meta name=\"description\" content=\"Hotel Slalom - Carpe Diem\" \/>\n<meta name=\"robots\" content=\"index, follow, max-snippet:-1, max-image-preview:large, max-video-preview:-1\" \/>\n<link rel=\"canonical\" href=\"https:\/\/slalom.ch\/fr\/mission-et-vision\/\" \/>\n<meta property=\"og:locale\" content=\"fr_FR\" \/>\n<meta property=\"og:type\" content=\"article\" \/>\n<meta property=\"og:title\" content=\"Mission et vision - Hotel Slalom\" \/>\n<meta property=\"og:description\" content=\"Hotel Slalom - Carpe Diem\" \/>\n<meta property=\"og:url\" content=\"https:\/\/slalom.ch\/fr\/mission-et-vision\/\" \/>\n<meta property=\"og:site_name\" content=\"Hotel Slalom\" \/>\n<meta property=\"article:modified_time\" content=\"2018-07-07T22:07:30+00:00\" \/>\n<meta name=\"twitter:card\" content=\"summary_large_image\" \/>\n<meta name=\"twitter:label1\" content=\"Dur\u00e9e de lecture estim\u00e9e\" \/>\n\t<meta name=\"twitter:data1\" content=\"2 minutes\" \/>\n<script type=\"application\/ld+json\" class=\"yoast-schema-graph\">{\"@context\":\"https:\/\/schema.org\",\"@graph\":[{\"@type\":\"WebPage\",\"@id\":\"https:\/\/slalom.ch\/fr\/mission-et-vision\/\",\"url\":\"https:\/\/slalom.ch\/fr\/mission-et-vision\/\",\"name\":\"Mission et vision - Hotel Slalom\",\"isPartOf\":{\"@id\":\"https:\/\/slalom.ch\/#website\"},\"datePublished\":\"2015-12-16T15:20:58+00:00\",\"dateModified\":\"2018-07-07T22:07:30+00:00\",\"description\":\"Hotel Slalom - Carpe Diem\",\"breadcrumb\":{\"@id\":\"https:\/\/slalom.ch\/fr\/mission-et-vision\/#breadcrumb\"},\"inLanguage\":\"fr-FR\",\"potentialAction\":[{\"@type\":\"ReadAction\",\"target\":[\"https:\/\/slalom.ch\/fr\/mission-et-vision\/\"]}]},{\"@type\":\"BreadcrumbList\",\"@id\":\"https:\/\/slalom.ch\/fr\/mission-et-vision\/#breadcrumb\",\"itemListElement\":[{\"@type\":\"ListItem\",\"position\":1,\"name\":\"Home\",\"item\":\"https:\/\/slalom.ch\/fr\/\"},{\"@type\":\"ListItem\",\"position\":2,\"name\":\"Mission et vision\"}]},{\"@type\":\"WebSite\",\"@id\":\"https:\/\/slalom.ch\/#website\",\"url\":\"https:\/\/slalom.ch\/\",\"name\":\"Hotel Slalom\",\"description\":\"Zimmer Ferienwohnung Bettmeralp\",\"publisher\":{\"@id\":\"https:\/\/slalom.ch\/#organization\"},\"potentialAction\":[{\"@type\":\"SearchAction\",\"target\":{\"@type\":\"EntryPoint\",\"urlTemplate\":\"https:\/\/slalom.ch\/?s={search_term_string}\"},\"query-input\":\"required name=search_term_string\"}],\"inLanguage\":\"fr-FR\"},{\"@type\":\"Organization\",\"@id\":\"https:\/\/slalom.ch\/#organization\",\"name\":\"Hotel Slalom\",\"url\":\"https:\/\/slalom.ch\/\",\"logo\":{\"@type\":\"ImageObject\",\"inLanguage\":\"fr-FR\",\"@id\":\"https:\/\/slalom.ch\/#\/schema\/logo\/image\/\",\"url\":\"https:\/\/slalom.ch\/wp-content\/uploads\/logo-slalom-header.png\",\"contentUrl\":\"https:\/\/slalom.ch\/wp-content\/uploads\/logo-slalom-header.png\",\"width\":170,\"height\":168,\"caption\":\"Hotel Slalom\"},\"image\":{\"@id\":\"https:\/\/slalom.ch\/#\/schema\/logo\/image\/\"}}]}<\/script>\n<!-- \/ Yoast SEO plugin. -->","yoast_head_json":{"title":"Mission et vision - Hotel Slalom","description":"Hotel Slalom - Carpe Diem","robots":{"index":"index","follow":"follow","max-snippet":"max-snippet:-1","max-image-preview":"max-image-preview:large","max-video-preview":"max-video-preview:-1"},"canonical":"https:\/\/slalom.ch\/fr\/mission-et-vision\/","og_locale":"fr_FR","og_type":"article","og_title":"Mission et vision - Hotel Slalom","og_description":"Hotel Slalom - Carpe Diem","og_url":"https:\/\/slalom.ch\/fr\/mission-et-vision\/","og_site_name":"Hotel Slalom","article_modified_time":"2018-07-07T22:07:30+00:00","twitter_card":"summary_large_image","twitter_misc":{"Dur\u00e9e de lecture estim\u00e9e":"2 minutes"},"schema":{"@context":"https:\/\/schema.org","@graph":[{"@type":"WebPage","@id":"https:\/\/slalom.ch\/fr\/mission-et-vision\/","url":"https:\/\/slalom.ch\/fr\/mission-et-vision\/","name":"Mission et vision - Hotel Slalom","isPartOf":{"@id":"https:\/\/slalom.ch\/#website"},"datePublished":"2015-12-16T15:20:58+00:00","dateModified":"2018-07-07T22:07:30+00:00","description":"Hotel Slalom - Carpe Diem","breadcrumb":{"@id":"https:\/\/slalom.ch\/fr\/mission-et-vision\/#breadcrumb"},"inLanguage":"fr-FR","potentialAction":[{"@type":"ReadAction","target":["https:\/\/slalom.ch\/fr\/mission-et-vision\/"]}]},{"@type":"BreadcrumbList","@id":"https:\/\/slalom.ch\/fr\/mission-et-vision\/#breadcrumb","itemListElement":[{"@type":"ListItem","position":1,"name":"Home","item":"https:\/\/slalom.ch\/fr\/"},{"@type":"ListItem","position":2,"name":"Mission et vision"}]},{"@type":"WebSite","@id":"https:\/\/slalom.ch\/#website","url":"https:\/\/slalom.ch\/","name":"Hotel Slalom","description":"Zimmer Ferienwohnung Bettmeralp","publisher":{"@id":"https:\/\/slalom.ch\/#organization"},"potentialAction":[{"@type":"SearchAction","target":{"@type":"EntryPoint","urlTemplate":"https:\/\/slalom.ch\/?s={search_term_string}"},"query-input":"required name=search_term_string"}],"inLanguage":"fr-FR"},{"@type":"Organization","@id":"https:\/\/slalom.ch\/#organization","name":"Hotel Slalom","url":"https:\/\/slalom.ch\/","logo":{"@type":"ImageObject","inLanguage":"fr-FR","@id":"https:\/\/slalom.ch\/#\/schema\/logo\/image\/","url":"https:\/\/slalom.ch\/wp-content\/uploads\/logo-slalom-header.png","contentUrl":"https:\/\/slalom.ch\/wp-content\/uploads\/logo-slalom-header.png","width":170,"height":168,"caption":"Hotel Slalom"},"image":{"@id":"https:\/\/slalom.ch\/#\/schema\/logo\/image\/"}}]}},"publishpress_future_action":{"enabled":false,"date":"2026-04-26 17:52:56","action":"draft","terms":[],"taxonomy":""},"_links":{"self":[{"href":"https:\/\/slalom.ch\/fr\/wp-json\/wp\/v2\/pages\/2119"}],"collection":[{"href":"https:\/\/slalom.ch\/fr\/wp-json\/wp\/v2\/pages"}],"about":[{"href":"https:\/\/slalom.ch\/fr\/wp-json\/wp\/v2\/types\/page"}],"author":[{"embeddable":true,"href":"https:\/\/slalom.ch\/fr\/wp-json\/wp\/v2\/users\/11"}],"replies":[{"embeddable":true,"href":"https:\/\/slalom.ch\/fr\/wp-json\/wp\/v2\/comments?post=2119"}],"version-history":[{"count":7,"href":"https:\/\/slalom.ch\/fr\/wp-json\/wp\/v2\/pages\/2119\/revisions"}],"predecessor-version":[{"id":6875,"href":"https:\/\/slalom.ch\/fr\/wp-json\/wp\/v2\/pages\/2119\/revisions\/6875"}],"wp:attachment":[{"href":"https:\/\/slalom.ch\/fr\/wp-json\/wp\/v2\/media?parent=2119"}],"curies":[{"name":"wp","href":"https:\/\/api.w.org\/{rel}","templated":true}]}}