{"id":2170,"date":"2015-12-17T10:51:16","date_gmt":"2015-12-17T09:51:16","guid":{"rendered":"https:\/\/slalom.ch\/2018-04-xse\/?page_id=2170&#038;lang=fr"},"modified":"2018-07-07T23:58:23","modified_gmt":"2018-07-07T21:58:23","slug":"meilleure-qualite-du-service","status":"publish","type":"page","link":"https:\/\/slalom.ch\/fr\/meilleure-qualite-du-service\/","title":{"rendered":"Meilleure qualit\u00e9 du service"},"content":{"rendered":"\n<style type=\"text\/css\" data-created_by=\"avia_inline_auto\" id=\"style-css-av-av_heading-b2187b3a53024c3db8a0cc60c3ca4bd4\">\n#top .av-special-heading.av-av_heading-b2187b3a53024c3db8a0cc60c3ca4bd4{\npadding-bottom:30px;\n}\nbody .av-special-heading.av-av_heading-b2187b3a53024c3db8a0cc60c3ca4bd4 .av-special-heading-tag .heading-char{\nfont-size:25px;\n}\n.av-special-heading.av-av_heading-b2187b3a53024c3db8a0cc60c3ca4bd4 .av-subheading{\nfont-size:15px;\n}\n<\/style>\n<div  class='av-special-heading av-av_heading-b2187b3a53024c3db8a0cc60c3ca4bd4 av-special-heading-h1 blockquote modern-quote modern-centered  avia-builder-el-0  el_before_av_one_full  avia-builder-el-first '><h1 class='av-special-heading-tag'  itemprop=\"headline\"  >La qualit\u00e9 c\u2019est notre passion!<\/h1><div class=\"special-heading-border\"><div class=\"special-heading-inner-border\"><\/div><\/div><\/div>\n\n<style type=\"text\/css\" data-created_by=\"avia_inline_auto\" id=\"style-css-av-av_one_full-352b07ef7d3bc99b2e9f92e7a9e06bdb\">\n.flex_column.av-av_one_full-352b07ef7d3bc99b2e9f92e7a9e06bdb{\nborder-radius:0px 0px 0px 0px;\npadding:0px 0px 0px 0px;\n}\n<\/style>\n<div  class='flex_column av-av_one_full-352b07ef7d3bc99b2e9f92e7a9e06bdb av_one_full  avia-builder-el-1  el_after_av_heading  el_before_av_one_full  first flex_column_div av-zero-column-padding  '     ><p><section  class='av_textblock_section av-av_textblock-35972167d9f102c5ddaec0c531c98b9e '   itemscope=\"itemscope\" itemtype=\"https:\/\/schema.org\/CreativeWork\" ><div class='avia_textblock'  itemprop=\"text\" ><p>Le Programme qualit\u00e9 du tourisme suisse encourage le d\u00e9veloppement de la qualit\u00e9 et l\u2019assurance qualit\u00e9 dans les entreprises touristiques. Il distingue les entreprises qui se pr\u00e9occupent en permanence de la qualit\u00e9 et donnent le meilleur d\u2019elles-m\u00eames pour leurs clients, jour apr\u00e8s jour.<\/p>\n<\/div><\/section><br \/>\n\n<style type=\"text\/css\" data-created_by=\"avia_inline_auto\" id=\"style-css-av-av_heading-1132f3d5a7d4d6ee53d2b4956ec34aec\">\n#top .av-special-heading.av-av_heading-1132f3d5a7d4d6ee53d2b4956ec34aec{\npadding-bottom:30px;\n}\nbody .av-special-heading.av-av_heading-1132f3d5a7d4d6ee53d2b4956ec34aec .av-special-heading-tag .heading-char{\nfont-size:25px;\n}\n.av-special-heading.av-av_heading-1132f3d5a7d4d6ee53d2b4956ec34aec .av-subheading{\nfont-size:15px;\n}\n<\/style>\n<div  class='av-special-heading av-av_heading-1132f3d5a7d4d6ee53d2b4956ec34aec av-special-heading-h2 blockquote modern-quote modern-centered  avia-builder-el-3  el_after_av_textblock  avia-builder-el-last '><h2 class='av-special-heading-tag'  itemprop=\"headline\"  >Le h\u00f4tel Slalom obtient le label depuis 2009.<\/h2><div class=\"special-heading-border\"><div class=\"special-heading-inner-border\"><\/div><\/div><\/div><\/p><\/div>\n\n<style type=\"text\/css\" data-created_by=\"avia_inline_auto\" id=\"style-css-av-av_one_full-352b07ef7d3bc99b2e9f92e7a9e06bdb\">\n.flex_column.av-av_one_full-352b07ef7d3bc99b2e9f92e7a9e06bdb{\nborder-radius:0px 0px 0px 0px;\npadding:0px 0px 0px 0px;\n}\n<\/style>\n<div  class='flex_column av-av_one_full-352b07ef7d3bc99b2e9f92e7a9e06bdb av_one_full  avia-builder-el-4  el_after_av_one_full  el_before_av_one_full  first flex_column_div av-zero-column-padding  column-top-margin'     ><style type=\"text\/css\" data-created_by=\"avia_inline_auto\" id=\"style-css-av-av_image-459aed6c5fc0c914931ff0d5c4da63fd\">\n.avia-image-container.av-av_image-459aed6c5fc0c914931ff0d5c4da63fd img.avia_image{\nbox-shadow:none;\n}\n.avia-image-container.av-av_image-459aed6c5fc0c914931ff0d5c4da63fd .av-image-caption-overlay-center{\ncolor:#ffffff;\n}\n<\/style>\n<div  class='avia-image-container av-av_image-459aed6c5fc0c914931ff0d5c4da63fd av-styling- avia-align-center  avia-builder-el-5  avia-builder-el-no-sibling '   itemprop=\"image\" itemscope=\"itemscope\" itemtype=\"https:\/\/schema.org\/ImageObject\" ><div class=\"avia-image-container-inner\"><div class=\"avia-image-overlay-wrap\"><img decoding=\"async\" fetchpriority=\"high\" class='wp-image-2057 avia-img-lazy-loading-not-2057 avia_image ' src=\"https:\/\/slalom.ch\/wp-content\/uploads\/Quality-our-Passion-STV.jpg\" alt='' title='Quality-our-Passion-STV'  height=\"155\" width=\"238\"  itemprop=\"thumbnailUrl\"  \/><\/div><\/div><\/div><\/div>\n\n<style type=\"text\/css\" data-created_by=\"avia_inline_auto\" id=\"style-css-av-av_one_full-352b07ef7d3bc99b2e9f92e7a9e06bdb\">\n.flex_column.av-av_one_full-352b07ef7d3bc99b2e9f92e7a9e06bdb{\nborder-radius:0px 0px 0px 0px;\npadding:0px 0px 0px 0px;\n}\n<\/style>\n<div  class='flex_column av-av_one_full-352b07ef7d3bc99b2e9f92e7a9e06bdb av_one_full  avia-builder-el-6  el_after_av_one_full  el_before_av_postcontent  avia-builder-el-last  first flex_column_div av-zero-column-padding  column-top-margin'     ><section  class='av_textblock_section av-av_textblock-35972167d9f102c5ddaec0c531c98b9e '   itemscope=\"itemscope\" itemtype=\"https:\/\/schema.org\/CreativeWork\" ><div class='avia_textblock'  itemprop=\"text\" ><p style=\"text-align: center;\">Plus d\u2019iniformation:<br \/>\n<a href=\"http:\/\/www.swisstourfed.ch\/\" target=\"_blank\" rel=\"noopener\">F\u00e9d\u00e9ration suisse du tourisme FST<\/a><\/p>\n<\/div><\/section><\/div>\n\n","protected":false},"excerpt":{"rendered":"","protected":false},"author":11,"featured_media":0,"parent":0,"menu_order":40,"comment_status":"closed","ping_status":"closed","template":"","meta":{"footnotes":""},"yoast_head":"<!-- This site is optimized with the Yoast SEO plugin v21.7 - https:\/\/yoast.com\/wordpress\/plugins\/seo\/ -->\n<title>Meilleure qualit\u00e9 du service - Hotel Slalom<\/title>\n<meta name=\"description\" content=\"H\u00f4tel Slalom Bettmeralp - Meilleure qualit\u00e9 du service garantie!\" \/>\n<meta name=\"robots\" content=\"index, follow, max-snippet:-1, max-image-preview:large, max-video-preview:-1\" \/>\n<link rel=\"canonical\" href=\"https:\/\/slalom.ch\/fr\/meilleure-qualite-du-service\/\" \/>\n<meta property=\"og:locale\" content=\"fr_FR\" \/>\n<meta property=\"og:type\" content=\"article\" \/>\n<meta property=\"og:title\" content=\"Meilleure qualit\u00e9 du service - Hotel Slalom\" \/>\n<meta property=\"og:description\" content=\"H\u00f4tel Slalom Bettmeralp - Meilleure qualit\u00e9 du service garantie!\" \/>\n<meta property=\"og:url\" content=\"https:\/\/slalom.ch\/fr\/meilleure-qualite-du-service\/\" \/>\n<meta property=\"og:site_name\" content=\"Hotel Slalom\" \/>\n<meta property=\"article:modified_time\" content=\"2018-07-07T21:58:23+00:00\" \/>\n<meta name=\"twitter:card\" content=\"summary_large_image\" \/>\n<meta name=\"twitter:label1\" content=\"Dur\u00e9e de lecture estim\u00e9e\" \/>\n\t<meta name=\"twitter:data1\" content=\"2 minutes\" \/>\n<script type=\"application\/ld+json\" class=\"yoast-schema-graph\">{\"@context\":\"https:\/\/schema.org\",\"@graph\":[{\"@type\":\"WebPage\",\"@id\":\"https:\/\/slalom.ch\/fr\/meilleure-qualite-du-service\/\",\"url\":\"https:\/\/slalom.ch\/fr\/meilleure-qualite-du-service\/\",\"name\":\"Meilleure qualit\u00e9 du service - Hotel Slalom\",\"isPartOf\":{\"@id\":\"https:\/\/slalom.ch\/#website\"},\"datePublished\":\"2015-12-17T09:51:16+00:00\",\"dateModified\":\"2018-07-07T21:58:23+00:00\",\"description\":\"H\u00f4tel Slalom Bettmeralp - Meilleure qualit\u00e9 du service garantie!\",\"breadcrumb\":{\"@id\":\"https:\/\/slalom.ch\/fr\/meilleure-qualite-du-service\/#breadcrumb\"},\"inLanguage\":\"fr-FR\",\"potentialAction\":[{\"@type\":\"ReadAction\",\"target\":[\"https:\/\/slalom.ch\/fr\/meilleure-qualite-du-service\/\"]}]},{\"@type\":\"BreadcrumbList\",\"@id\":\"https:\/\/slalom.ch\/fr\/meilleure-qualite-du-service\/#breadcrumb\",\"itemListElement\":[{\"@type\":\"ListItem\",\"position\":1,\"name\":\"Home\",\"item\":\"https:\/\/slalom.ch\/fr\/\"},{\"@type\":\"ListItem\",\"position\":2,\"name\":\"Meilleure qualit\u00e9 du service\"}]},{\"@type\":\"WebSite\",\"@id\":\"https:\/\/slalom.ch\/#website\",\"url\":\"https:\/\/slalom.ch\/\",\"name\":\"Hotel Slalom\",\"description\":\"Zimmer Ferienwohnung Bettmeralp\",\"publisher\":{\"@id\":\"https:\/\/slalom.ch\/#organization\"},\"potentialAction\":[{\"@type\":\"SearchAction\",\"target\":{\"@type\":\"EntryPoint\",\"urlTemplate\":\"https:\/\/slalom.ch\/?s={search_term_string}\"},\"query-input\":\"required name=search_term_string\"}],\"inLanguage\":\"fr-FR\"},{\"@type\":\"Organization\",\"@id\":\"https:\/\/slalom.ch\/#organization\",\"name\":\"Hotel Slalom\",\"url\":\"https:\/\/slalom.ch\/\",\"logo\":{\"@type\":\"ImageObject\",\"inLanguage\":\"fr-FR\",\"@id\":\"https:\/\/slalom.ch\/#\/schema\/logo\/image\/\",\"url\":\"https:\/\/slalom.ch\/wp-content\/uploads\/logo-slalom-header.png\",\"contentUrl\":\"https:\/\/slalom.ch\/wp-content\/uploads\/logo-slalom-header.png\",\"width\":170,\"height\":168,\"caption\":\"Hotel Slalom\"},\"image\":{\"@id\":\"https:\/\/slalom.ch\/#\/schema\/logo\/image\/\"}}]}<\/script>\n<!-- \/ Yoast SEO plugin. -->","yoast_head_json":{"title":"Meilleure qualit\u00e9 du service - Hotel Slalom","description":"H\u00f4tel Slalom Bettmeralp - Meilleure qualit\u00e9 du service garantie!","robots":{"index":"index","follow":"follow","max-snippet":"max-snippet:-1","max-image-preview":"max-image-preview:large","max-video-preview":"max-video-preview:-1"},"canonical":"https:\/\/slalom.ch\/fr\/meilleure-qualite-du-service\/","og_locale":"fr_FR","og_type":"article","og_title":"Meilleure qualit\u00e9 du service - Hotel Slalom","og_description":"H\u00f4tel Slalom Bettmeralp - Meilleure qualit\u00e9 du service garantie!","og_url":"https:\/\/slalom.ch\/fr\/meilleure-qualite-du-service\/","og_site_name":"Hotel Slalom","article_modified_time":"2018-07-07T21:58:23+00:00","twitter_card":"summary_large_image","twitter_misc":{"Dur\u00e9e de lecture estim\u00e9e":"2 minutes"},"schema":{"@context":"https:\/\/schema.org","@graph":[{"@type":"WebPage","@id":"https:\/\/slalom.ch\/fr\/meilleure-qualite-du-service\/","url":"https:\/\/slalom.ch\/fr\/meilleure-qualite-du-service\/","name":"Meilleure qualit\u00e9 du service - Hotel Slalom","isPartOf":{"@id":"https:\/\/slalom.ch\/#website"},"datePublished":"2015-12-17T09:51:16+00:00","dateModified":"2018-07-07T21:58:23+00:00","description":"H\u00f4tel Slalom Bettmeralp - Meilleure qualit\u00e9 du service garantie!","breadcrumb":{"@id":"https:\/\/slalom.ch\/fr\/meilleure-qualite-du-service\/#breadcrumb"},"inLanguage":"fr-FR","potentialAction":[{"@type":"ReadAction","target":["https:\/\/slalom.ch\/fr\/meilleure-qualite-du-service\/"]}]},{"@type":"BreadcrumbList","@id":"https:\/\/slalom.ch\/fr\/meilleure-qualite-du-service\/#breadcrumb","itemListElement":[{"@type":"ListItem","position":1,"name":"Home","item":"https:\/\/slalom.ch\/fr\/"},{"@type":"ListItem","position":2,"name":"Meilleure qualit\u00e9 du service"}]},{"@type":"WebSite","@id":"https:\/\/slalom.ch\/#website","url":"https:\/\/slalom.ch\/","name":"Hotel Slalom","description":"Zimmer Ferienwohnung Bettmeralp","publisher":{"@id":"https:\/\/slalom.ch\/#organization"},"potentialAction":[{"@type":"SearchAction","target":{"@type":"EntryPoint","urlTemplate":"https:\/\/slalom.ch\/?s={search_term_string}"},"query-input":"required name=search_term_string"}],"inLanguage":"fr-FR"},{"@type":"Organization","@id":"https:\/\/slalom.ch\/#organization","name":"Hotel Slalom","url":"https:\/\/slalom.ch\/","logo":{"@type":"ImageObject","inLanguage":"fr-FR","@id":"https:\/\/slalom.ch\/#\/schema\/logo\/image\/","url":"https:\/\/slalom.ch\/wp-content\/uploads\/logo-slalom-header.png","contentUrl":"https:\/\/slalom.ch\/wp-content\/uploads\/logo-slalom-header.png","width":170,"height":168,"caption":"Hotel Slalom"},"image":{"@id":"https:\/\/slalom.ch\/#\/schema\/logo\/image\/"}}]}},"publishpress_future_action":{"enabled":false,"date":"2026-05-01 10:33:32","action":"draft","terms":[],"taxonomy":""},"_links":{"self":[{"href":"https:\/\/slalom.ch\/fr\/wp-json\/wp\/v2\/pages\/2170"}],"collection":[{"href":"https:\/\/slalom.ch\/fr\/wp-json\/wp\/v2\/pages"}],"about":[{"href":"https:\/\/slalom.ch\/fr\/wp-json\/wp\/v2\/types\/page"}],"author":[{"embeddable":true,"href":"https:\/\/slalom.ch\/fr\/wp-json\/wp\/v2\/users\/11"}],"replies":[{"embeddable":true,"href":"https:\/\/slalom.ch\/fr\/wp-json\/wp\/v2\/comments?post=2170"}],"version-history":[{"count":5,"href":"https:\/\/slalom.ch\/fr\/wp-json\/wp\/v2\/pages\/2170\/revisions"}],"predecessor-version":[{"id":6857,"href":"https:\/\/slalom.ch\/fr\/wp-json\/wp\/v2\/pages\/2170\/revisions\/6857"}],"wp:attachment":[{"href":"https:\/\/slalom.ch\/fr\/wp-json\/wp\/v2\/media?parent=2170"}],"curies":[{"name":"wp","href":"https:\/\/api.w.org\/{rel}","templated":true}]}}