{"id":2173,"date":"2015-12-17T10:53:29","date_gmt":"2015-12-17T09:53:29","guid":{"rendered":"https:\/\/slalom.ch\/2018-04-xse\/?page_id=2173&#038;lang=it"},"modified":"2018-07-07T23:53:53","modified_gmt":"2018-07-07T21:53:53","slug":"servizi-di-qualita-superiore","status":"publish","type":"page","link":"https:\/\/slalom.ch\/it\/servizi-di-qualita-superiore\/","title":{"rendered":"Servizi di Qualit\u00e0 superiore"},"content":{"rendered":"\n<style type=\"text\/css\" data-created_by=\"avia_inline_auto\" id=\"style-css-av-av_heading-f3a88f134b3d303c9abaa79871c361c2\">\n#top .av-special-heading.av-av_heading-f3a88f134b3d303c9abaa79871c361c2{\npadding-bottom:30px;\n}\nbody .av-special-heading.av-av_heading-f3a88f134b3d303c9abaa79871c361c2 .av-special-heading-tag .heading-char{\nfont-size:25px;\n}\n.av-special-heading.av-av_heading-f3a88f134b3d303c9abaa79871c361c2 .av-subheading{\nfont-size:15px;\n}\n<\/style>\n<div  class='av-special-heading av-av_heading-f3a88f134b3d303c9abaa79871c361c2 av-special-heading-h1 blockquote modern-quote modern-centered  avia-builder-el-0  el_before_av_one_full  avia-builder-el-first '><h1 class='av-special-heading-tag'  itemprop=\"headline\"  >La qualit\u00e0 \u00e8 la nostra passione.<\/h1><div class=\"special-heading-border\"><div class=\"special-heading-inner-border\"><\/div><\/div><\/div>\n\n<style type=\"text\/css\" data-created_by=\"avia_inline_auto\" id=\"style-css-av-av_one_full-352b07ef7d3bc99b2e9f92e7a9e06bdb\">\n.flex_column.av-av_one_full-352b07ef7d3bc99b2e9f92e7a9e06bdb{\nborder-radius:0px 0px 0px 0px;\npadding:0px 0px 0px 0px;\n}\n<\/style>\n<div  class='flex_column av-av_one_full-352b07ef7d3bc99b2e9f92e7a9e06bdb av_one_full  avia-builder-el-1  el_after_av_heading  el_before_av_one_full  first flex_column_div av-zero-column-padding  '     ><section  class='av_textblock_section av-av_textblock-35972167d9f102c5ddaec0c531c98b9e '   itemscope=\"itemscope\" itemtype=\"https:\/\/schema.org\/CreativeWork\" ><div class='avia_textblock'  itemprop=\"text\" ><p>Il Programma qualit\u00e0 del turismo svizzero promuove lo sviluppo e la garanzia della qualit\u00e0 delle aziende turistiche, premiando inoltre quelle che si occupano costantemente del tema qualit\u00e0 e che si impegnano quotidianamente per offrire il meglio ai propri clienti.<\/p>\n<\/div><\/section><\/div>\n\n<style type=\"text\/css\" data-created_by=\"avia_inline_auto\" id=\"style-css-av-av_one_full-352b07ef7d3bc99b2e9f92e7a9e06bdb\">\n.flex_column.av-av_one_full-352b07ef7d3bc99b2e9f92e7a9e06bdb{\nborder-radius:0px 0px 0px 0px;\npadding:0px 0px 0px 0px;\n}\n<\/style>\n<div  class='flex_column av-av_one_full-352b07ef7d3bc99b2e9f92e7a9e06bdb av_one_full  avia-builder-el-3  el_after_av_one_full  el_before_av_one_full  first flex_column_div av-zero-column-padding  column-top-margin'     ><style type=\"text\/css\" data-created_by=\"avia_inline_auto\" id=\"style-css-av-av_image-8bfbf86c3615a0640ebfb251cbece150\">\n.avia-image-container.av-av_image-8bfbf86c3615a0640ebfb251cbece150 img.avia_image{\nbox-shadow:none;\n}\n.avia-image-container.av-av_image-8bfbf86c3615a0640ebfb251cbece150 .av-image-caption-overlay-center{\ncolor:#ffffff;\n}\n<\/style>\n<div  class='avia-image-container av-av_image-8bfbf86c3615a0640ebfb251cbece150 av-styling- avia-align-center  avia-builder-el-4  avia-builder-el-no-sibling '   itemprop=\"image\" itemscope=\"itemscope\" itemtype=\"https:\/\/schema.org\/ImageObject\" ><div class=\"avia-image-container-inner\"><div class=\"avia-image-overlay-wrap\"><img decoding=\"async\" fetchpriority=\"high\" class='wp-image-2058 avia-img-lazy-loading-not-2058 avia_image ' src=\"https:\/\/slalom.ch\/wp-content\/uploads\/Quality-our-Passion-STV.jpg\" alt='' title='Quality-our-Passion-STV'  height=\"155\" width=\"238\"  itemprop=\"thumbnailUrl\"  \/><\/div><\/div><\/div><\/div>\n\n<style type=\"text\/css\" data-created_by=\"avia_inline_auto\" id=\"style-css-av-av_one_full-352b07ef7d3bc99b2e9f92e7a9e06bdb\">\n.flex_column.av-av_one_full-352b07ef7d3bc99b2e9f92e7a9e06bdb{\nborder-radius:0px 0px 0px 0px;\npadding:0px 0px 0px 0px;\n}\n<\/style>\n<div  class='flex_column av-av_one_full-352b07ef7d3bc99b2e9f92e7a9e06bdb av_one_full  avia-builder-el-5  el_after_av_one_full  el_before_av_postcontent  avia-builder-el-last  first flex_column_div av-zero-column-padding  column-top-margin'     ><section  class='av_textblock_section av-av_textblock-35972167d9f102c5ddaec0c531c98b9e '   itemscope=\"itemscope\" itemtype=\"https:\/\/schema.org\/CreativeWork\" ><div class='avia_textblock'  itemprop=\"text\" ><p style=\"text-align: center;\">Ulteriori informazioni:<br \/>\n<a href=\"http:\/\/www.swisstourfed.ch\/\" target=\"_blank\" rel=\"noopener\">Federazione Svizzera dell turismo FST<\/a><\/p>\n<\/div><\/section><\/div>\n\n","protected":false},"excerpt":{"rendered":"","protected":false},"author":11,"featured_media":0,"parent":0,"menu_order":41,"comment_status":"closed","ping_status":"closed","template":"","meta":{"footnotes":""},"yoast_head":"<!-- This site is optimized with the Yoast SEO plugin v21.7 - https:\/\/yoast.com\/wordpress\/plugins\/seo\/ -->\n<title>Servizi di Qualit\u00e0 superiore - Hotel Slalom<\/title>\n<meta name=\"description\" content=\"Hotel Slalom Bettmeralp - Servizi di Qualit\u00e0 superiore garantita!\" \/>\n<meta name=\"robots\" content=\"index, follow, max-snippet:-1, max-image-preview:large, max-video-preview:-1\" \/>\n<link rel=\"canonical\" href=\"https:\/\/slalom.ch\/it\/servizi-di-qualita-superiore\/\" \/>\n<meta property=\"og:locale\" content=\"it_IT\" \/>\n<meta property=\"og:type\" content=\"article\" \/>\n<meta property=\"og:title\" content=\"Servizi di Qualit\u00e0 superiore - Hotel Slalom\" \/>\n<meta property=\"og:description\" content=\"Hotel Slalom Bettmeralp - Servizi di Qualit\u00e0 superiore garantita!\" \/>\n<meta property=\"og:url\" content=\"https:\/\/slalom.ch\/it\/servizi-di-qualita-superiore\/\" \/>\n<meta property=\"og:site_name\" content=\"Hotel Slalom\" \/>\n<meta property=\"article:modified_time\" content=\"2018-07-07T21:53:53+00:00\" \/>\n<meta name=\"twitter:card\" content=\"summary_large_image\" \/>\n<meta name=\"twitter:label1\" content=\"Tempo di lettura stimato\" \/>\n\t<meta name=\"twitter:data1\" content=\"2 minuti\" \/>\n<script type=\"application\/ld+json\" class=\"yoast-schema-graph\">{\"@context\":\"https:\/\/schema.org\",\"@graph\":[{\"@type\":\"WebPage\",\"@id\":\"https:\/\/slalom.ch\/it\/servizi-di-qualita-superiore\/\",\"url\":\"https:\/\/slalom.ch\/it\/servizi-di-qualita-superiore\/\",\"name\":\"Servizi di Qualit\u00e0 superiore - Hotel Slalom\",\"isPartOf\":{\"@id\":\"https:\/\/slalom.ch\/#website\"},\"datePublished\":\"2015-12-17T09:53:29+00:00\",\"dateModified\":\"2018-07-07T21:53:53+00:00\",\"description\":\"Hotel Slalom Bettmeralp - Servizi di Qualit\u00e0 superiore garantita!\",\"breadcrumb\":{\"@id\":\"https:\/\/slalom.ch\/it\/servizi-di-qualita-superiore\/#breadcrumb\"},\"inLanguage\":\"it-IT\",\"potentialAction\":[{\"@type\":\"ReadAction\",\"target\":[\"https:\/\/slalom.ch\/it\/servizi-di-qualita-superiore\/\"]}]},{\"@type\":\"BreadcrumbList\",\"@id\":\"https:\/\/slalom.ch\/it\/servizi-di-qualita-superiore\/#breadcrumb\",\"itemListElement\":[{\"@type\":\"ListItem\",\"position\":1,\"name\":\"Home\",\"item\":\"https:\/\/slalom.ch\/it\/\"},{\"@type\":\"ListItem\",\"position\":2,\"name\":\"Servizi di Qualit\u00e0 superiore\"}]},{\"@type\":\"WebSite\",\"@id\":\"https:\/\/slalom.ch\/#website\",\"url\":\"https:\/\/slalom.ch\/\",\"name\":\"Hotel Slalom\",\"description\":\"Zimmer Ferienwohnung Bettmeralp\",\"publisher\":{\"@id\":\"https:\/\/slalom.ch\/#organization\"},\"potentialAction\":[{\"@type\":\"SearchAction\",\"target\":{\"@type\":\"EntryPoint\",\"urlTemplate\":\"https:\/\/slalom.ch\/?s={search_term_string}\"},\"query-input\":\"required name=search_term_string\"}],\"inLanguage\":\"it-IT\"},{\"@type\":\"Organization\",\"@id\":\"https:\/\/slalom.ch\/#organization\",\"name\":\"Hotel Slalom\",\"url\":\"https:\/\/slalom.ch\/\",\"logo\":{\"@type\":\"ImageObject\",\"inLanguage\":\"it-IT\",\"@id\":\"https:\/\/slalom.ch\/#\/schema\/logo\/image\/\",\"url\":\"https:\/\/slalom.ch\/wp-content\/uploads\/logo-slalom-header.png\",\"contentUrl\":\"https:\/\/slalom.ch\/wp-content\/uploads\/logo-slalom-header.png\",\"width\":170,\"height\":168,\"caption\":\"Hotel Slalom\"},\"image\":{\"@id\":\"https:\/\/slalom.ch\/#\/schema\/logo\/image\/\"}}]}<\/script>\n<!-- \/ Yoast SEO plugin. -->","yoast_head_json":{"title":"Servizi di Qualit\u00e0 superiore - Hotel Slalom","description":"Hotel Slalom Bettmeralp - Servizi di Qualit\u00e0 superiore garantita!","robots":{"index":"index","follow":"follow","max-snippet":"max-snippet:-1","max-image-preview":"max-image-preview:large","max-video-preview":"max-video-preview:-1"},"canonical":"https:\/\/slalom.ch\/it\/servizi-di-qualita-superiore\/","og_locale":"it_IT","og_type":"article","og_title":"Servizi di Qualit\u00e0 superiore - Hotel Slalom","og_description":"Hotel Slalom Bettmeralp - Servizi di Qualit\u00e0 superiore garantita!","og_url":"https:\/\/slalom.ch\/it\/servizi-di-qualita-superiore\/","og_site_name":"Hotel Slalom","article_modified_time":"2018-07-07T21:53:53+00:00","twitter_card":"summary_large_image","twitter_misc":{"Tempo di lettura stimato":"2 minuti"},"schema":{"@context":"https:\/\/schema.org","@graph":[{"@type":"WebPage","@id":"https:\/\/slalom.ch\/it\/servizi-di-qualita-superiore\/","url":"https:\/\/slalom.ch\/it\/servizi-di-qualita-superiore\/","name":"Servizi di Qualit\u00e0 superiore - Hotel Slalom","isPartOf":{"@id":"https:\/\/slalom.ch\/#website"},"datePublished":"2015-12-17T09:53:29+00:00","dateModified":"2018-07-07T21:53:53+00:00","description":"Hotel Slalom Bettmeralp - Servizi di Qualit\u00e0 superiore garantita!","breadcrumb":{"@id":"https:\/\/slalom.ch\/it\/servizi-di-qualita-superiore\/#breadcrumb"},"inLanguage":"it-IT","potentialAction":[{"@type":"ReadAction","target":["https:\/\/slalom.ch\/it\/servizi-di-qualita-superiore\/"]}]},{"@type":"BreadcrumbList","@id":"https:\/\/slalom.ch\/it\/servizi-di-qualita-superiore\/#breadcrumb","itemListElement":[{"@type":"ListItem","position":1,"name":"Home","item":"https:\/\/slalom.ch\/it\/"},{"@type":"ListItem","position":2,"name":"Servizi di Qualit\u00e0 superiore"}]},{"@type":"WebSite","@id":"https:\/\/slalom.ch\/#website","url":"https:\/\/slalom.ch\/","name":"Hotel Slalom","description":"Zimmer Ferienwohnung Bettmeralp","publisher":{"@id":"https:\/\/slalom.ch\/#organization"},"potentialAction":[{"@type":"SearchAction","target":{"@type":"EntryPoint","urlTemplate":"https:\/\/slalom.ch\/?s={search_term_string}"},"query-input":"required name=search_term_string"}],"inLanguage":"it-IT"},{"@type":"Organization","@id":"https:\/\/slalom.ch\/#organization","name":"Hotel Slalom","url":"https:\/\/slalom.ch\/","logo":{"@type":"ImageObject","inLanguage":"it-IT","@id":"https:\/\/slalom.ch\/#\/schema\/logo\/image\/","url":"https:\/\/slalom.ch\/wp-content\/uploads\/logo-slalom-header.png","contentUrl":"https:\/\/slalom.ch\/wp-content\/uploads\/logo-slalom-header.png","width":170,"height":168,"caption":"Hotel Slalom"},"image":{"@id":"https:\/\/slalom.ch\/#\/schema\/logo\/image\/"}}]}},"publishpress_future_action":{"enabled":false,"date":"2026-04-27 14:20:37","action":"draft","terms":[],"taxonomy":""},"_links":{"self":[{"href":"https:\/\/slalom.ch\/it\/wp-json\/wp\/v2\/pages\/2173"}],"collection":[{"href":"https:\/\/slalom.ch\/it\/wp-json\/wp\/v2\/pages"}],"about":[{"href":"https:\/\/slalom.ch\/it\/wp-json\/wp\/v2\/types\/page"}],"author":[{"embeddable":true,"href":"https:\/\/slalom.ch\/it\/wp-json\/wp\/v2\/users\/11"}],"replies":[{"embeddable":true,"href":"https:\/\/slalom.ch\/it\/wp-json\/wp\/v2\/comments?post=2173"}],"version-history":[{"count":6,"href":"https:\/\/slalom.ch\/it\/wp-json\/wp\/v2\/pages\/2173\/revisions"}],"predecessor-version":[{"id":6856,"href":"https:\/\/slalom.ch\/it\/wp-json\/wp\/v2\/pages\/2173\/revisions\/6856"}],"wp:attachment":[{"href":"https:\/\/slalom.ch\/it\/wp-json\/wp\/v2\/media?parent=2173"}],"curies":[{"name":"wp","href":"https:\/\/api.w.org\/{rel}","templated":true}]}}