{"id":3189,"date":"2015-12-22T17:04:58","date_gmt":"2015-12-22T16:04:58","guid":{"rendered":"https:\/\/slalom.ch\/2018-04-xse\/?page_id=3189&#038;lang=it"},"modified":"2018-07-08T00:11:16","modified_gmt":"2018-07-07T22:11:16","slug":"informazioni-legali","status":"publish","type":"page","link":"https:\/\/slalom.ch\/it\/informazioni-legali\/","title":{"rendered":"Informazioni legali"},"content":{"rendered":"\n<style type=\"text\/css\" data-created_by=\"avia_inline_auto\" id=\"style-css-av-av_heading-083e36de24c6c9155e94f7f7e206d03b\">\n#top .av-special-heading.av-av_heading-083e36de24c6c9155e94f7f7e206d03b{\npadding-bottom:30px;\n}\nbody .av-special-heading.av-av_heading-083e36de24c6c9155e94f7f7e206d03b .av-special-heading-tag .heading-char{\nfont-size:25px;\n}\n.av-special-heading.av-av_heading-083e36de24c6c9155e94f7f7e206d03b .av-subheading{\nfont-size:15px;\n}\n<\/style>\n<div  class='av-special-heading av-av_heading-083e36de24c6c9155e94f7f7e206d03b av-special-heading-h1  avia-builder-el-0  el_before_av_one_half  avia-builder-el-first '><h1 class='av-special-heading-tag'  itemprop=\"headline\"  >Informazioni legali<\/h1><div class=\"special-heading-border\"><div class=\"special-heading-inner-border\"><\/div><\/div><\/div>\n\n<style type=\"text\/css\" data-created_by=\"avia_inline_auto\" id=\"style-css-av-chwp5x-347a3ff655ad1c34ab6aa1e7ca06767d\">\n.flex_column.av-chwp5x-347a3ff655ad1c34ab6aa1e7ca06767d{\nborder-radius:0px 0px 0px 0px;\npadding:0px 0px 0px 0px;\n}\n<\/style>\n<div  class='flex_column av-chwp5x-347a3ff655ad1c34ab6aa1e7ca06767d av_one_half  avia-builder-el-1  el_after_av_heading  el_before_av_one_half  first flex_column_div av-zero-column-padding  '     ><article  class='iconbox iconbox_top av-bf4y91-4e48a31de15e3236f960a4d6a23d071e  avia-builder-el-2  avia-builder-el-no-sibling  main_color'  itemscope=\"itemscope\" itemtype=\"https:\/\/schema.org\/CreativeWork\" ><div class=\"iconbox_content\"><header class=\"entry-content-header\"><div class=\"iconbox_icon heading-color\" aria-hidden='true' data-av_icon='\ue823' data-av_iconfont='entypo-fontello'><\/div><h3 class='iconbox_content_title '  itemprop=\"headline\" >Hotel Slalom<\/h3><\/header><div class='iconbox_content_container '  itemprop=\"text\" ><p>Hotel Slalom<br \/>\n3992 Bettmeralp<br \/>\nSwitzerland<\/p>\n<\/div><\/div><footer class=\"entry-footer\"><\/footer><\/article><\/div>\n\n<style type=\"text\/css\" data-created_by=\"avia_inline_auto\" id=\"style-css-av-99d3hx-bbbe82c947a5192d4c11194b28f4d7d6\">\n.flex_column.av-99d3hx-bbbe82c947a5192d4c11194b28f4d7d6{\nborder-radius:0px 0px 0px 0px;\npadding:0px 0px 0px 0px;\n}\n<\/style>\n<div  class='flex_column av-99d3hx-bbbe82c947a5192d4c11194b28f4d7d6 av_one_half  avia-builder-el-3  el_after_av_one_half  el_before_av_section  avia-builder-el-last  flex_column_div av-zero-column-padding  '     ><section  class='av_textblock_section av-7wnu7p-439cc93b3ec8e9bde480d4cc2571bb47 '   itemscope=\"itemscope\" itemtype=\"https:\/\/schema.org\/CreativeWork\" ><div class='avia_textblock'  itemprop=\"text\" ><h2>Projett0<\/h2>\n<ul>\n<li><a title=\"www.zebmarketing.ch\" href=\"http:\/\/www.zebmarketing.ch\/\" target=\"_blank\" rel=\"noopener\">ZebMarketing GmbH<br \/>\n<\/a> Project Management \/ Social Media<\/li>\n<li><a title=\"www.einsteinraum.ch\" href=\"http:\/\/www.einsteinraum.ch\/\" target=\"_blank\" rel=\"noopener\">artes kulturtechnologie<\/a><br \/>\nKonzept \/ Web \/ Grafiken \/ Text<\/li>\n<li><a title=\"www.ritzyinfo.ch\" href=\"http:\/\/www.ritzyinfo.ch\/\" target=\"_blank\" rel=\"noopener\">ritzy*<\/a><br \/>\nWalliser Weiterbildungsprogramm<br \/>\nf\u00fcr Hotellerie und Gastronomie<\/li>\n<\/ul>\n<\/div><\/section><\/div>\n<\/div><\/div><\/div><!-- close content main div --><\/div><\/div><div id='av_section_1'  class='avia-section av-60ozsl-14ebd8c728a39a0043eaa57a08e24b7e main_color avia-section-default avia-no-shadow  avia-builder-el-5  el_after_av_one_half  el_before_av_postcontent  avia-bg-style-scroll container_wrap fullsize'  ><div class='container av-section-cont-open' ><div class='template-page content  av-content-full alpha units'><div class='post-entry post-entry-type-page post-entry-3189'><div class='entry-content-wrapper clearfix'>\n<section  class='av_textblock_section av-3m6hvp-619a58293f7afeff0145006f62f40a48 '   itemscope=\"itemscope\" itemtype=\"https:\/\/schema.org\/CreativeWork\" ><div class='avia_textblock'  itemprop=\"text\" ><h2>Responsabilit\u00e0 limitata<\/h2>\n<p>Questo sito \u00e8 stato concepito con la massima accuratezza. Ciononostante il detentore del dominio non \u00e8 in misura di garantire l\u2019esattezza e l\u2019affidabilit\u00e0 delle informazioni fornite da terzi. Il detentore si riserva il diritto di modificare o completare -in qualunque momento e senza notifica preliminare- le informazioni messe a disposizione sul sito.<br \/>\nIl detentore del dominio declina qualsiasi responsabilit\u00e0 per danni diretti o indiretti che potrebbero insorgere in relazione con l\u2019accesso, l\u2019utilizzazione, la consultazione di questo sito o con i collegamenti verso altri siti.<\/p>\n<h3>Links e hyperlinks<\/h3>\n<p>Chiunque attivi su questo sito dei collegamenti (links e\/o hyperlinks), lascia automaticamente questo sito e si reca su siti esterni a slalom.ch. Il detentore declina qualsiasi responsabilit\u00e0 per i contenuti di tali siti, i prodotti\/servizi e altre prestazioni ivi proposte.<\/p>\n<h3>Sicurezza e protezione dei dati<\/h3>\n<p>Pu\u00f2 accadere che i visitatori di questo sito siano invitati a fornire informazioni personali. La risposta \u00e8 facoltativa. Tutti i dati personali rilevati sui server di slalom.ch vengono registrati esclusivamente per il loro utilizzo individuale oppure per inviare informazioni o sottoporre offerte. Il detentore non vende n\u00e9 consegna tali dati a terzi e s\u2019impegna a trattarli nel rispetto della massima riservatezza e in conformit\u00e0 con le vigenti disposizioni legali sulla protezione dei dati.<\/p>\n<h2><strong>Copyright<\/strong><\/h2>\n<h3>Tutti i diritti riservati.<\/h3>\n<p>Il contenuto del sito Internet di slalom.ch \u00e8 protetto dal diritto d\u2019autore (talune pagine possono contenere immagini e testi protetti dal copyright di terzi).<br \/>\nIl contenuto di questo sito pu\u00f2 essere utilizzato solo a scopi privati. \u00c8 fatta salva qualsiasi altra utilizzazione. In particolare, il contenuto di questo non pu\u00f2 essere diffuso a scopi commerciali o non, modificato, messo a disposizione di terzi, copiato su supporti ottici ed elettronici, riprodotto, registrato o utilizzato senza l\u2019autorizzazione scritta del detentore.<br \/>\nLa messa a disposizione di questo sito non d\u00e0 adito a nessuna licenza d\u2019utilizzazione della propriet\u00e0 intellettuale del detentore o di terzi.<\/p>\n<h3>Marchi<\/h3>\n<p>Salvo specifiche contrarie, tutti i marchi riprodotti su questo sito sono protetti dal diritto dei marchi. Ci\u00f2 vale in particolare per i marchi del detentore, marchi aziendali e qualsiasi tipo di simbolo. Tutti i diritti riservati.<\/p>\n<h2>2012 Hotel Garni Slalom<\/h2>\n<\/div><\/section>\n\n\n","protected":false},"excerpt":{"rendered":"","protected":false},"author":11,"featured_media":0,"parent":0,"menu_order":89,"comment_status":"closed","ping_status":"closed","template":"","meta":{"footnotes":""},"yoast_head":"<!-- This site is optimized with the Yoast SEO plugin v21.7 - https:\/\/yoast.com\/wordpress\/plugins\/seo\/ -->\n<title>Informazioni legali - Hotel Slalom<\/title>\n<meta name=\"description\" content=\"Hotel Garni Slalom Bettmeralp - Reto Stucky, CH-3992 Bettmeralp\" \/>\n<meta name=\"robots\" content=\"index, follow, max-snippet:-1, max-image-preview:large, max-video-preview:-1\" \/>\n<link rel=\"canonical\" href=\"https:\/\/slalom.ch\/it\/informazioni-legali\/\" \/>\n<meta property=\"og:locale\" content=\"it_IT\" \/>\n<meta property=\"og:type\" content=\"article\" \/>\n<meta property=\"og:title\" content=\"Informazioni legali - Hotel Slalom\" \/>\n<meta property=\"og:description\" content=\"Hotel Garni Slalom Bettmeralp - Reto Stucky, CH-3992 Bettmeralp\" \/>\n<meta property=\"og:url\" content=\"https:\/\/slalom.ch\/it\/informazioni-legali\/\" \/>\n<meta property=\"og:site_name\" content=\"Hotel Slalom\" \/>\n<meta property=\"article:modified_time\" content=\"2018-07-07T22:11:16+00:00\" \/>\n<meta name=\"twitter:card\" content=\"summary_large_image\" \/>\n<meta name=\"twitter:label1\" content=\"Tempo di lettura stimato\" \/>\n\t<meta name=\"twitter:data1\" content=\"4 minuti\" \/>\n<script type=\"application\/ld+json\" class=\"yoast-schema-graph\">{\"@context\":\"https:\/\/schema.org\",\"@graph\":[{\"@type\":\"WebPage\",\"@id\":\"https:\/\/slalom.ch\/it\/informazioni-legali\/\",\"url\":\"https:\/\/slalom.ch\/it\/informazioni-legali\/\",\"name\":\"Informazioni legali - Hotel Slalom\",\"isPartOf\":{\"@id\":\"https:\/\/slalom.ch\/#website\"},\"datePublished\":\"2015-12-22T16:04:58+00:00\",\"dateModified\":\"2018-07-07T22:11:16+00:00\",\"description\":\"Hotel Garni Slalom Bettmeralp - Reto Stucky, CH-3992 Bettmeralp\",\"breadcrumb\":{\"@id\":\"https:\/\/slalom.ch\/it\/informazioni-legali\/#breadcrumb\"},\"inLanguage\":\"it-IT\",\"potentialAction\":[{\"@type\":\"ReadAction\",\"target\":[\"https:\/\/slalom.ch\/it\/informazioni-legali\/\"]}]},{\"@type\":\"BreadcrumbList\",\"@id\":\"https:\/\/slalom.ch\/it\/informazioni-legali\/#breadcrumb\",\"itemListElement\":[{\"@type\":\"ListItem\",\"position\":1,\"name\":\"Home\",\"item\":\"https:\/\/slalom.ch\/it\/\"},{\"@type\":\"ListItem\",\"position\":2,\"name\":\"Informazioni legali\"}]},{\"@type\":\"WebSite\",\"@id\":\"https:\/\/slalom.ch\/#website\",\"url\":\"https:\/\/slalom.ch\/\",\"name\":\"Hotel Slalom\",\"description\":\"Zimmer Ferienwohnung Bettmeralp\",\"publisher\":{\"@id\":\"https:\/\/slalom.ch\/#organization\"},\"potentialAction\":[{\"@type\":\"SearchAction\",\"target\":{\"@type\":\"EntryPoint\",\"urlTemplate\":\"https:\/\/slalom.ch\/?s={search_term_string}\"},\"query-input\":\"required name=search_term_string\"}],\"inLanguage\":\"it-IT\"},{\"@type\":\"Organization\",\"@id\":\"https:\/\/slalom.ch\/#organization\",\"name\":\"Hotel Slalom\",\"url\":\"https:\/\/slalom.ch\/\",\"logo\":{\"@type\":\"ImageObject\",\"inLanguage\":\"it-IT\",\"@id\":\"https:\/\/slalom.ch\/#\/schema\/logo\/image\/\",\"url\":\"https:\/\/slalom.ch\/wp-content\/uploads\/logo-slalom-header.png\",\"contentUrl\":\"https:\/\/slalom.ch\/wp-content\/uploads\/logo-slalom-header.png\",\"width\":170,\"height\":168,\"caption\":\"Hotel Slalom\"},\"image\":{\"@id\":\"https:\/\/slalom.ch\/#\/schema\/logo\/image\/\"}}]}<\/script>\n<!-- \/ Yoast SEO plugin. -->","yoast_head_json":{"title":"Informazioni legali - Hotel Slalom","description":"Hotel Garni Slalom Bettmeralp - Reto Stucky, CH-3992 Bettmeralp","robots":{"index":"index","follow":"follow","max-snippet":"max-snippet:-1","max-image-preview":"max-image-preview:large","max-video-preview":"max-video-preview:-1"},"canonical":"https:\/\/slalom.ch\/it\/informazioni-legali\/","og_locale":"it_IT","og_type":"article","og_title":"Informazioni legali - Hotel Slalom","og_description":"Hotel Garni Slalom Bettmeralp - Reto Stucky, CH-3992 Bettmeralp","og_url":"https:\/\/slalom.ch\/it\/informazioni-legali\/","og_site_name":"Hotel Slalom","article_modified_time":"2018-07-07T22:11:16+00:00","twitter_card":"summary_large_image","twitter_misc":{"Tempo di lettura stimato":"4 minuti"},"schema":{"@context":"https:\/\/schema.org","@graph":[{"@type":"WebPage","@id":"https:\/\/slalom.ch\/it\/informazioni-legali\/","url":"https:\/\/slalom.ch\/it\/informazioni-legali\/","name":"Informazioni legali - Hotel Slalom","isPartOf":{"@id":"https:\/\/slalom.ch\/#website"},"datePublished":"2015-12-22T16:04:58+00:00","dateModified":"2018-07-07T22:11:16+00:00","description":"Hotel Garni Slalom Bettmeralp - Reto Stucky, CH-3992 Bettmeralp","breadcrumb":{"@id":"https:\/\/slalom.ch\/it\/informazioni-legali\/#breadcrumb"},"inLanguage":"it-IT","potentialAction":[{"@type":"ReadAction","target":["https:\/\/slalom.ch\/it\/informazioni-legali\/"]}]},{"@type":"BreadcrumbList","@id":"https:\/\/slalom.ch\/it\/informazioni-legali\/#breadcrumb","itemListElement":[{"@type":"ListItem","position":1,"name":"Home","item":"https:\/\/slalom.ch\/it\/"},{"@type":"ListItem","position":2,"name":"Informazioni legali"}]},{"@type":"WebSite","@id":"https:\/\/slalom.ch\/#website","url":"https:\/\/slalom.ch\/","name":"Hotel Slalom","description":"Zimmer Ferienwohnung Bettmeralp","publisher":{"@id":"https:\/\/slalom.ch\/#organization"},"potentialAction":[{"@type":"SearchAction","target":{"@type":"EntryPoint","urlTemplate":"https:\/\/slalom.ch\/?s={search_term_string}"},"query-input":"required name=search_term_string"}],"inLanguage":"it-IT"},{"@type":"Organization","@id":"https:\/\/slalom.ch\/#organization","name":"Hotel Slalom","url":"https:\/\/slalom.ch\/","logo":{"@type":"ImageObject","inLanguage":"it-IT","@id":"https:\/\/slalom.ch\/#\/schema\/logo\/image\/","url":"https:\/\/slalom.ch\/wp-content\/uploads\/logo-slalom-header.png","contentUrl":"https:\/\/slalom.ch\/wp-content\/uploads\/logo-slalom-header.png","width":170,"height":168,"caption":"Hotel Slalom"},"image":{"@id":"https:\/\/slalom.ch\/#\/schema\/logo\/image\/"}}]}},"publishpress_future_action":{"enabled":false,"date":"2026-04-27 13:55:35","action":"draft","terms":[],"taxonomy":""},"_links":{"self":[{"href":"https:\/\/slalom.ch\/it\/wp-json\/wp\/v2\/pages\/3189"}],"collection":[{"href":"https:\/\/slalom.ch\/it\/wp-json\/wp\/v2\/pages"}],"about":[{"href":"https:\/\/slalom.ch\/it\/wp-json\/wp\/v2\/types\/page"}],"author":[{"embeddable":true,"href":"https:\/\/slalom.ch\/it\/wp-json\/wp\/v2\/users\/11"}],"replies":[{"embeddable":true,"href":"https:\/\/slalom.ch\/it\/wp-json\/wp\/v2\/comments?post=3189"}],"version-history":[{"count":7,"href":"https:\/\/slalom.ch\/it\/wp-json\/wp\/v2\/pages\/3189\/revisions"}],"predecessor-version":[{"id":6882,"href":"https:\/\/slalom.ch\/it\/wp-json\/wp\/v2\/pages\/3189\/revisions\/6882"}],"wp:attachment":[{"href":"https:\/\/slalom.ch\/it\/wp-json\/wp\/v2\/media?parent=3189"}],"curies":[{"name":"wp","href":"https:\/\/api.w.org\/{rel}","templated":true}]}}